{"id":7,"date":"2024-01-21T17:58:40","date_gmt":"2024-01-21T16:58:40","guid":{"rendered":"http:\/\/trieuxy.cluster029.hosting.ovh.net\/?page_id=2"},"modified":"2024-04-28T10:59:52","modified_gmt":"2024-04-28T08:59:52","slug":"page-d-exemple-2","status":"publish","type":"page","link":"https:\/\/www.trieuxbadmintonclub.com\/","title":{"rendered":"Trieux Badminton Club"},"content":{"rendered":"\n<div class=\"wp-block-columns is-layout-flex wp-container-core-columns-is-layout-28f84493 wp-block-columns-is-layout-flex\">\n<div class=\"wp-block-column is-layout-flow wp-block-column-is-layout-flow\" style=\"flex-basis:100%\">\n<figure class=\"wp-block-image size-large\"><img loading=\"lazy\" decoding=\"async\" width=\"1024\" height=\"280\" src=\"http:\/\/www.trieuxbadmintonclub.com\/wp-content\/uploads\/2024\/01\/tbc-banner-trim-1024x280.jpg\" alt=\"\" class=\"wp-image-47\" srcset=\"https:\/\/www.trieuxbadmintonclub.com\/wp-content\/uploads\/2024\/01\/tbc-banner-trim-1024x280.jpg 1024w, https:\/\/www.trieuxbadmintonclub.com\/wp-content\/uploads\/2024\/01\/tbc-banner-trim-300x82.jpg 300w, https:\/\/www.trieuxbadmintonclub.com\/wp-content\/uploads\/2024\/01\/tbc-banner-trim-768x210.jpg 768w, https:\/\/www.trieuxbadmintonclub.com\/wp-content\/uploads\/2024\/01\/tbc-banner-trim.jpg 1045w\" sizes=\"auto, (max-width: 1024px) 100vw, 1024px\" \/><figcaption class=\"wp-element-caption\">Trieux Badminton Club<\/figcaption><\/figure>\n<\/div>\n<\/div>\n\n\n\n<div class=\"wp-block-group alignwide has-global-padding is-layout-constrained wp-block-group-is-layout-constrained\">\n<p>Nous sommes un club sport-loisir. <br>Nos portes sont ouvertes aux adultes et aux jeunes \u00e0 partir de 13 ans, sans restrictions de niveau.<br>L&#8217;important c&#8217;est de vouloir jouer et de s&#8217;am\u00e9liorer.<br><br>Les 2 premi\u00e8res s\u00e9ances sont offertes et nous avons des raquettes \u00e0 disposition si besoin.<\/p>\n\n\n\n<p>Horaires :<br>Mardi (adultes) 20h30 \u00e0 22h30<br>Vendredi (jeunes et adultes) 20h30 \u00e0 22h30<br>Dimanche (adultes) 19h30 \u00e0 21h30<\/p>\n\n\n\n<div class=\"wp-block-group has-global-padding is-layout-constrained wp-block-group-is-layout-constrained\">\n<p>Cotisation annuelle :<br>35\u20ac adultes<br>25\u20ac jeunes<\/p>\n\n\n\n<p>Pour vous inscrire il vous faudra deux choses :<br>&#8211; Une fiche d&#8217;inscription remplie ou remplir le <a href=\"https:\/\/forms.gle\/WNTtf3maEvZY2pRq7\" data-type=\"link\" data-id=\"https:\/\/forms.gle\/oL4jYyipESxsmXL37\" target=\"_blank\" rel=\"noreferrer noopener\">formulaire en ligne<\/a><br>&#8211; Un ch\u00e8que \u00e0 l&#8217;ordre du &#8220;Trieux Badminton Club&#8221; ou par <a href=\"https:\/\/paypal.me\/TrieuxBadmintonClub\" target=\"_blank\" rel=\"noreferrer noopener\">PayPal (choisir paiement entre proches)<\/a>.<\/p>\n<\/div>\n\n\n\n<div class=\"wp-block-buttons is-layout-flex wp-block-buttons-is-layout-flex\">\n<div class=\"wp-block-button\"><a class=\"wp-block-button__link wp-element-button\" href=\"mailto:trieuxbc@gmail.com\" target=\"_blank\" rel=\"noreferrer noopener\">Nous contacter<\/a><\/div>\n\n\n\n<div class=\"wp-block-button\"><a class=\"wp-block-button__link wp-element-button\" href=\"https:\/\/forms.gle\/WNTtf3maEvZY2pRq7\" target=\"_blank\" rel=\"noreferrer noopener\">Inscription en ligne<\/a><\/div>\n<\/div>\n<\/div>\n\n\n<p style=\"text-align: center;\"><iframe loading=\"lazy\" style=\"border: 0;\" src=\"https:\/\/www.google.com\/maps\/embed?pb=!1m18!1m12!1m3!1d2633.3661781629467!2d-3.170599050678734!3d48.69848163309691!2m3!1f0!2f0!3f0!3m2!1i1024!2i768!4f13.1!3m3!1m2!1s0x481221f6640676a1%3A0x3545d67e4e6d2c97!2sTrieux%20Badminton%20Club!5e0!3m2!1sen!2sfr!4v1705935555899!5m2!1sen!2sfr\" width=\"600\" height=\"450\" allowfullscreen=\"allowfullscreen\"><\/iframe><\/p>\n\n\n<p><\/p>\n","protected":false},"excerpt":{"rendered":"<p>Nous sommes un club sport-loisir. Nos portes sont ouvertes aux adultes et aux jeunes \u00e0 partir de 13 ans, sans restrictions de niveau.L&#8217;important c&#8217;est de vouloir jouer et de s&#8217;am\u00e9liorer. Les 2 premi\u00e8res s\u00e9ances sont offertes et nous avons des raquettes \u00e0 disposition si besoin. Horaires :Mardi (adultes) 20h30 \u00e0 22h30Vendredi (jeunes et adultes) 20h30 [&hellip;]<\/p>\n","protected":false},"author":1,"featured_media":55,"parent":0,"menu_order":0,"comment_status":"closed","ping_status":"open","template":"","meta":{"footnotes":""},"class_list":["post-7","page","type-page","status-publish","has-post-thumbnail","hentry"],"_links":{"self":[{"href":"https:\/\/www.trieuxbadmintonclub.com\/index.php\/wp-json\/wp\/v2\/pages\/7","targetHints":{"allow":["GET"]}}],"collection":[{"href":"https:\/\/www.trieuxbadmintonclub.com\/index.php\/wp-json\/wp\/v2\/pages"}],"about":[{"href":"https:\/\/www.trieuxbadmintonclub.com\/index.php\/wp-json\/wp\/v2\/types\/page"}],"author":[{"embeddable":true,"href":"https:\/\/www.trieuxbadmintonclub.com\/index.php\/wp-json\/wp\/v2\/users\/1"}],"replies":[{"embeddable":true,"href":"https:\/\/www.trieuxbadmintonclub.com\/index.php\/wp-json\/wp\/v2\/comments?post=7"}],"version-history":[{"count":11,"href":"https:\/\/www.trieuxbadmintonclub.com\/index.php\/wp-json\/wp\/v2\/pages\/7\/revisions"}],"predecessor-version":[{"id":60,"href":"https:\/\/www.trieuxbadmintonclub.com\/index.php\/wp-json\/wp\/v2\/pages\/7\/revisions\/60"}],"wp:featuredmedia":[{"embeddable":true,"href":"https:\/\/www.trieuxbadmintonclub.com\/index.php\/wp-json\/"}],"wp:attachment":[{"href":"https:\/\/www.trieuxbadmintonclub.com\/index.php\/wp-json\/wp\/v2\/media?parent=7"}],"curies":[{"name":"wp","href":"https:\/\/api.w.org\/{rel}","templated":true}]}}